{"id":166,"date":"2016-05-15T20:20:42","date_gmt":"2016-05-15T18:20:42","guid":{"rendered":"http:\/\/www.tespas.com\/tespas\/?page_id=166"},"modified":"2019-02-11T22:01:13","modified_gmt":"2019-02-11T21:01:13","slug":"tespas-3","status":"publish","type":"page","link":"https:\/\/www.tespas.com\/tespas\/tespas-3\/","title":{"rendered":"L&rsquo;entreprise"},"content":{"rendered":"<h1>Pr\u00e9sentation de TESPAS<\/h1>\n<h6>\n\t<div class=\"wpb_content_element\" data-interval=\"0\">\n\t\t<div class=\"wpb_wrapper tabbed clearfix\">\n\t\t\t<ul class=\"wpb_tabs_nav ui-tabs-nav clearfix\"><\/ul>\n\n\t\t\tTESPAS est une nouvelle entreprise cr\u00e9\u00e9e en 2008, et qui propose sur le march\u00e9 mondial ses <span style=\"color: #ff0000;\"><em><strong>services de <a href=\"https:\/\/fr.wikipedia.org\/wiki\/G%C3%A9olocalisation\">G\u00e9olocalisation<\/a><\/strong><\/em>.<\/span> Notre <strong>solution de <em>G\u00e9olocalisation<\/em><\/strong> bas\u00e9e sur le <a href=\"https:\/\/fr.wikipedia.org\/wiki\/Global_Positioning_System\"><em><span style=\"color: #ff0000;\"><strong>GPS<\/strong> <\/span><\/em><\/a>et sur le <strong>r\u00e9seau <a href=\"https:\/\/fr.wikipedia.org\/wiki\/GSM\"><em>GSM<\/em><\/a><\/strong>, permet \u00e0 nos clients sur Internet ou par SMS en utilisant le t\u00e9l\u00e9phone mobile, le <span style=\"color: #ff0000;\"><em><strong>suivi de <span style=\"color: #ff0000;\"><a style=\"color: #ff0000;\" href=\"https:\/\/fr.wikipedia.org\/wiki\/V%C3%A9hicule\" target=\"_blank\" rel=\"noopener\">v\u00e9hicules<\/a><\/span><\/strong><\/em><\/span>, d&rsquo;utilitaires, de personnes, de centenaires et de tout autre objet n\u00e9cessitant d&rsquo;\u00eatre s\u00e9curis\u00e9. Nos produits sont destin\u00e9s aux petites et aux grandes entreprises mais aussi aux particuliers.\u00a0 \n\t\t<\/div> \n\t<\/div> <\/h6>\n<h1>Principe de fonctionnement<\/h1>\n<h6>\n\t<div class=\"wpb_content_element\" data-interval=\"0\">\n\t\t<div class=\"wpb_wrapper tabbed clearfix\">\n\t\t\t<ul class=\"wpb_tabs_nav ui-tabs-nav clearfix\"><\/ul>\n\n\t\t\t L\u2019utilisation du syst\u00e8me de <a href=\"https:\/\/fr.wikipedia.org\/wiki\/G%C3%A9olocalisation\">g\u00e9olocalisation<\/a> n\u00e9cessite l\u2019installation d\u2019un dispositif de suivi (<em><strong>boitier GPS<\/strong><\/em>) dans le v\u00e9hicule. Grace aux <strong>satellites<\/strong> et au <strong>boitier GPS<\/strong> il est possible de localiser avec une grande pr\u00e9cision la position du v\u00e9hicule. Une fois l\u2019installation du <em><strong>GPS<\/strong> <\/em>effectu\u00e9, les positions seront envoy\u00e9es via le <em><span style=\"color: #ff0000;\"><strong>r\u00e9seau <span style=\"color: #ff0000;\"><a style=\"color: #ff0000;\" href=\"https:\/\/fr.wikipedia.org\/wiki\/GSM\">GSM<\/a><\/span><\/strong><\/span><\/em> de l\u2019un des op\u00e9rateur (<em><a href=\"http:\/\/www.ooredoo.dz\/Ooredoo\">Ooredoo<\/a><\/em>, <em><a href=\"http:\/\/www.mobilis.dz\/\">Mobilis<\/a><\/em>, <em><a href=\"http:\/\/www.djezzy.dz\/\">djezzy<\/a><\/em>) vers les la <strong>plateforme TESPAS<\/strong>. Le client pourra alors acc\u00e9der \u00e0 son compte <strong>TESPAS<\/strong> depuis n\u2019importe quel endroit et n\u2019importe quelle plateforme en toute simplicit\u00e9 et s\u00e9curit\u00e9.\u00a0 \n\t\t<\/div> \n\t<\/div> <\/h6>\n<p>&nbsp;<\/p>\n<div id=\"attachment_573\" style=\"width: 1610px\" class=\"wp-caption alignnone\"><img aria-describedby=\"caption-attachment-573\" loading=\"lazy\" class=\"size-full wp-image-573\" src=\"http:\/\/www.tespas.com\/tespas\/wp-content\/uploads\/2019\/02\/TESPAS-Concept-animation-min.gif\" alt=\"Principe de fonctionnement de TESPAS\" width=\"1600\" height=\"900\" \/><p id=\"caption-attachment-573\" class=\"wp-caption-text\">Principe de fonctionnement de TESPAS<\/p><\/div>\n<p>&nbsp;<\/p>\n<h1>Qu\u2019est-ce que la gestion de flotte ?<\/h1>\n<h6>Dans de nombreux articles, nous avons soulign\u00e9\u00a0l\u2019importance des<span style=\"color: #ff0000;\"><strong> syst\u00e8mes de <a href=\"https:\/\/fr.wikipedia.org\/wiki\/G%C3%A9olocalisation\">g\u00e9olocalisation<\/a><\/strong><\/span> pour optimiser <strong>la<a href=\"https:\/\/fr.wikipedia.org\/wiki\/Gestion_de_flotte\"><span style=\"color: #ff0000;\"><em> gestion de flotte<\/em><\/span><\/a><\/strong>\u00a0au sein d\u2019une entreprise. Mais qu\u2019entend-t-on exactement par-l\u00e0 ? En quoi consiste ce type de gestion et quelle en sont les composantes ? Est-elle indispensable ?<\/h6>\n<h3><span style=\"color: #ff0000;\">En quoi consiste la gestion de flotte?<\/span><\/h3>\n<h6>La <strong>gestion de flotte<\/strong> est une activit\u00e9 pratiqu\u00e9e dans les entreprises. Elle regroupe\u00a0l\u2019ensemble des t\u00e2ches li\u00e9es \u00e0 l\u2019utilisation et \u00e0 la maintenance d\u2019un <strong>parc de v\u00e9hicules<\/strong>. De par son importance et son efficacit\u00e9, elle est aujourd\u2019hui pratiqu\u00e9e dans de nombreux secteurs :<\/h6>\n<h6 style=\"padding-left: 30px;\"><i class=\"icon-tiny icon-ok extra-color-2\"><\/i>\u00a0Le transport routier avec la <strong>gestion des v\u00e9hicules<\/strong> de transport des marchandises ou de passagers<\/h6>\n<h6 style=\"padding-left: 30px;\"><i class=\"icon-tiny icon-ok extra-color-2\"><\/i>\u00a0Le transport a\u00e9rien avec la gestion des a\u00e9ronefs<\/h6>\n<h6 style=\"padding-left: 30px;\"><i class=\"icon-tiny icon-ok extra-color-2\"><\/i>\u00a0Le transport maritime avec la gestion des navires<\/h6>\n<h6 style=\"padding-left: 30px;\"><i class=\"icon-tiny icon-ok extra-color-2\"><\/i>\u00a0Le transport ferroviaire avec la gestion des trains et des wagons<\/h6>\n<h6 style=\"padding-left: 30px;\">Quelque soit le secteur d\u2019activit\u00e9 de l\u2019entreprise, la <strong>gestion de flotte<\/strong> est pratiqu\u00e9e pour\u00a0remplir les m\u00eames objectifs principaux:<\/h6>\n<h6 style=\"padding-left: 30px;\"><i class=\"icon-tiny icon-ok extra-color-2\"><\/i> Organiser l\u2019emploi des v\u00e9hicules<\/h6>\n<h6 style=\"padding-left: 30px;\"><i class=\"icon-tiny icon-ok extra-color-2\"><\/i> Garantir la disponibilit\u00e9 de ces v\u00e9hicules en cas d\u2019\u00e9ventuels besoins<\/h6>\n<h6 style=\"padding-left: 30px;\"><i class=\"icon-tiny icon-ok extra-color-2\"><\/i> Optimiser les co\u00fbts<\/h6>\n<h6 style=\"padding-left: 30px;\"><i class=\"icon-tiny icon-ok extra-color-2\"><\/i> Suivre les d\u00e9placements et les <strong>comportements des chauffeurs<\/strong><\/h6>\n<h1>G\u00e9olocalisation alg\u00e9rie<\/h1>\n<h6>\n\t<div class=\"wpb_content_element\" data-interval=\"0\">\n\t\t<div class=\"wpb_wrapper tabbed clearfix\">\n\t\t\t<ul class=\"wpb_tabs_nav ui-tabs-nav clearfix\"><\/ul>\n\n\t\t\t\u00a0<strong>La<span style=\"color: #ff0000;\"><em><span style=\"color: #ff0000;\"><a style=\"color: #ff0000;\" href=\"https:\/\/fr.wikipedia.org\/wiki\/Gestion_de_flotte\"> g\u00e9olocalisation<\/a> <\/span>en <span style=\"color: #ff0000;\"><a style=\"color: #ff0000;\" href=\"https:\/\/fr.wikipedia.org\/wiki\/Alg%C3%A9rie\" target=\"_blank\" rel=\"noopener\">Alg\u00e9rie<\/a><\/span><\/em><\/span><\/strong> n\u2019a fait son apparition que depuis quelques ann\u00e9es. Celle-ci a permis de r\u00e9duire substantiellement le vol de v\u00e9hicules. La<a href=\"https:\/\/fr.wikipedia.org\/wiki\/Gestion_de_flotte\" target=\"_blank\" rel=\"noopener\"><span style=\"color: #ff0000;\"><em> <strong>gestion de flotte<\/strong><\/em><\/span><\/a> et le <strong>suivi des v\u00e9hicules<\/strong> ont permis\u00a0 aux entreprises de s\u00e9curiser leurs parcs auto et r\u00e9duire les d\u00e9penses inutiles \n\t\t<\/div> \n\t<\/div> <\/h6>\n<h1>Qu\u2019en pense les acteurs \u00e9conomiques<\/h1>\n<h6>\n\t<div class=\"wpb_content_element\" data-interval=\"0\">\n\t\t<div class=\"wpb_wrapper tabbed clearfix\">\n\t\t\t<ul class=\"wpb_tabs_nav ui-tabs-nav clearfix\"><\/ul>\n\n\t\t\t\u00a0 <em>Les entreprises et les <a href=\"https:\/\/fr.wikipedia.org\/wiki\/Agent_%C3%A9conomique\" target=\"_blank\" rel=\"noopener\">acteurs \u00e9conomiques<\/a> sont les premiers a b\u00e9n\u00e9ficier de cette nouvelles technologie<\/em>. \n\t\t<\/div> \n\t<\/div> <\/h6>\n<p>&nbsp;<\/p>\n<h1>\n    <div class=\"col span_12 section-title text-align-center extra-padding\">\n\t\t<h2>L\u2019av\u00e8nement du <strong><a href=\"https:\/\/fr.wikipedia.org\/wiki\/GPS\"><span style=\"color: #ff0000;\"><em>GPS<\/em> <\/span><\/a>en Alg\u00e9rie<\/strong>, le suivi et la <a href=\"https:\/\/fr.wikipedia.org\/wiki\/Gestion_de_flotte\" target=\"_blank\" rel=\"noopener\"><em><span style=\"color: #ff0000;\"><strong>gestion de flotte<\/strong><\/span><\/em><\/a> sont une bouff\u00e9e d\u2019oxyg\u00e9n\u00e9 pour nous. Nous pensons que la\u00a0<strong><a href=\"https:\/\/fr.wikipedia.org\/wiki\/G%C3%A9olocalisation\" target=\"_blank\" rel=\"noopener\"><span style=\"color: #ff0000;\"><em> g\u00e9olocalisation<\/em> <\/span><\/a>en\u00a0\u00a0<\/strong><span style=\"color: #ff0000;\"><em><span style=\"color: #ff0000;\"><a style=\"color: #ff0000;\" href=\"https:\/\/fr.wikipedia.org\/wiki\/Alg%C3%A9rie\" target=\"_blank\" rel=\"noopener\">alg\u00e9rie<\/a><\/span>\u00a0<\/em><\/span>, est indispensable ,a apport\u00e9 un plus aux entreprises. <\/h2><p>Partenaire de TESPAS<\/p><\/div><div class=\"clear\"><\/div><\/h1>\n<p>&nbsp;<\/p>\n","protected":false},"excerpt":{"rendered":"<p>Pr\u00e9sentation de TESPAS Principe de fonctionnement &nbsp; &nbsp; Qu\u2019est-ce que la gestion de flotte ? Dans de nombreux articles, nous avons soulign\u00e9\u00a0l\u2019importance des syst\u00e8mes de g\u00e9olocalisation pour optimiser la gestion&#8230;<\/p>\n","protected":false},"author":1,"featured_media":89,"parent":0,"menu_order":0,"comment_status":"closed","ping_status":"closed","template":"","meta":[],"_links":{"self":[{"href":"https:\/\/www.tespas.com\/tespas\/wp-json\/wp\/v2\/pages\/166"}],"collection":[{"href":"https:\/\/www.tespas.com\/tespas\/wp-json\/wp\/v2\/pages"}],"about":[{"href":"https:\/\/www.tespas.com\/tespas\/wp-json\/wp\/v2\/types\/page"}],"author":[{"embeddable":true,"href":"https:\/\/www.tespas.com\/tespas\/wp-json\/wp\/v2\/users\/1"}],"replies":[{"embeddable":true,"href":"https:\/\/www.tespas.com\/tespas\/wp-json\/wp\/v2\/comments?post=166"}],"version-history":[{"count":32,"href":"https:\/\/www.tespas.com\/tespas\/wp-json\/wp\/v2\/pages\/166\/revisions"}],"predecessor-version":[{"id":575,"href":"https:\/\/www.tespas.com\/tespas\/wp-json\/wp\/v2\/pages\/166\/revisions\/575"}],"wp:featuredmedia":[{"embeddable":true,"href":"https:\/\/www.tespas.com\/tespas\/wp-json\/wp\/v2\/media\/89"}],"wp:attachment":[{"href":"https:\/\/www.tespas.com\/tespas\/wp-json\/wp\/v2\/media?parent=166"}],"curies":[{"name":"wp","href":"https:\/\/api.w.org\/{rel}","templated":true}]}}