{"id":214,"date":"2016-05-17T18:32:19","date_gmt":"2016-05-17T16:32:19","guid":{"rendered":"http:\/\/www.tespas.com\/tespas\/?page_id=214"},"modified":"2019-01-28T20:41:25","modified_gmt":"2019-01-28T19:41:25","slug":"notre-offre","status":"publish","type":"page","link":"https:\/\/www.tespas.com\/tespas\/notre-offre\/","title":{"rendered":"Notre solution"},"content":{"rendered":"<h1>Qu&rsquo;est ce que la solution de g\u00e9olocalisation et de gestion de flotte TESPAS<\/h1>\n<div class=\"col span_12 has-animation\" data-animation=\"grow-in\" data-delay=\"1000\">\n<h5>En plus des fonctionnalit\u00e9s classiques de <a href=\"https:\/\/fr.wikipedia.org\/wiki\/G%C3%A9olocalisation\" target=\"_blank\" rel=\"noopener\"><em><strong>g\u00e9olocalisation<\/strong><\/em> <\/a>et de<a href=\"https:\/\/fr.wikipedia.org\/wiki\/G%C3%A9olocalisation\" target=\"_blank\" rel=\"noopener\"><em><strong> gestion de flotte<\/strong><\/em><\/a> , <a href=\"http:\/\/www.tespas.com\/tespas\/tespas-3\/\">TESPAS\u00a0<\/a> vous permet de suivre et surveiller tous les param\u00e9tr\u00e9s importants de votre v\u00e9hicules<\/h5>\n<\/div><div class=\"clear\"><\/div>\n<p>&nbsp;<\/p>\n<div class=\"col span_2 has-animation\" data-animation=\"grow-in\" data-delay=\"2100\">\n<div id=\"attachment_455\" style=\"width: 110px\" class=\"wp-caption alignleft\"><a href=\"http:\/\/www.tespas.com\/tespas\/2019\/01\/26\/suivi-de-la-temperature-moteur\/\"><img aria-describedby=\"caption-attachment-455\" loading=\"lazy\" class=\"wp-image-455 size-full\" title=\"Temp\u00e9rature moteur\" src=\"http:\/\/www.tespas.com\/tespas\/wp-content\/uploads\/2019\/01\/TemperateureMoteurTransparent.png\" alt=\"suivi de la temp\u00e9rature moteur\" width=\"100\" height=\"100\" srcset=\"https:\/\/www.tespas.com\/tespas\/wp-content\/uploads\/2019\/01\/TemperateureMoteurTransparent.png 100w, https:\/\/www.tespas.com\/tespas\/wp-content\/uploads\/2019\/01\/TemperateureMoteurTransparent-50x50.png 50w\" sizes=\"(max-width: 100px) 100vw, 100px\" \/><\/a><p id=\"caption-attachment-455\" class=\"wp-caption-text\">temp moteur<\/p><\/div>\n<p>&nbsp;<\/p>\n<p>&nbsp;<\/p>\n<p>&nbsp;<\/p>\n<p>&nbsp;<\/p>\n<\/div><div class=\"col span_2 has-animation\" data-animation=\"grow-in\" data-delay=\"2200\">\n<div id=\"attachment_454\" style=\"width: 110px\" class=\"wp-caption alignleft\"><a href=\"http:\/\/www.tespas.com\/tespas\/2019\/01\/26\/suivi-de-la-vitesse-reelle\/\"><img aria-describedby=\"caption-attachment-454\" loading=\"lazy\" class=\"wp-image-454 size-full\" title=\"vitesse r\u00e9elle\" src=\"http:\/\/www.tespas.com\/tespas\/wp-content\/uploads\/2019\/01\/speedingTransparent.png\" alt=\"Suivi de la vitesse\" width=\"100\" height=\"100\" srcset=\"https:\/\/www.tespas.com\/tespas\/wp-content\/uploads\/2019\/01\/speedingTransparent.png 100w, https:\/\/www.tespas.com\/tespas\/wp-content\/uploads\/2019\/01\/speedingTransparent-50x50.png 50w\" sizes=\"(max-width: 100px) 100vw, 100px\" \/><\/a><p id=\"caption-attachment-454\" class=\"wp-caption-text\">vitesse r\u00e9elle<\/p><\/div>\n<p>&nbsp;<\/p>\n<p>&nbsp;<\/p>\n<p>&nbsp;<\/p>\n<p>&nbsp;<\/p>\n<\/div>\n<div class=\"col span_2 has-animation\" data-animation=\"grow-in\" data-delay=\"2300\">\n<div id=\"attachment_448\" style=\"width: 110px\" class=\"wp-caption alignleft\"><a href=\"http:\/\/www.tespas.com\/tespas\/2019\/01\/26\/alerte-de-niveau-dhuile-moteur\/\"><img aria-describedby=\"caption-attachment-448\" loading=\"lazy\" class=\"wp-image-448 size-full\" title=\"Alerte de niveau d'huile moteur\" src=\"http:\/\/www.tespas.com\/tespas\/wp-content\/uploads\/2019\/01\/huileMoteurTransparent.png\" alt=\"Alerte de niveau d'huile moteur\" width=\"100\" height=\"100\" srcset=\"https:\/\/www.tespas.com\/tespas\/wp-content\/uploads\/2019\/01\/huileMoteurTransparent.png 100w, https:\/\/www.tespas.com\/tespas\/wp-content\/uploads\/2019\/01\/huileMoteurTransparent-50x50.png 50w\" sizes=\"(max-width: 100px) 100vw, 100px\" \/><\/a><p id=\"caption-attachment-448\" class=\"wp-caption-text\">niveau d&rsquo;huile<\/p><\/div>\n<p>&nbsp;<\/p>\n<p>&nbsp;<\/p>\n<p>&nbsp;<\/p>\n<p>&nbsp;<\/p>\n<\/div>\n<div class=\"col span_2 has-animation\" data-animation=\"grow-in\" data-delay=\"2400\">\n<div id=\"attachment_447\" style=\"width: 110px\" class=\"wp-caption alignleft\"><a href=\"http:\/\/www.tespas.com\/tespas\/2019\/01\/26\/green-driving\/\"><img aria-describedby=\"caption-attachment-447\" loading=\"lazy\" class=\"wp-image-447 size-full\" title=\"Qualit\u00e9 de la conduite\" src=\"http:\/\/www.tespas.com\/tespas\/wp-content\/uploads\/2019\/01\/EcoDrinvingTransparent.png\" alt=\"Suivi de la qualit\u00e9 de conduite\" width=\"100\" height=\"100\" srcset=\"https:\/\/www.tespas.com\/tespas\/wp-content\/uploads\/2019\/01\/EcoDrinvingTransparent.png 100w, https:\/\/www.tespas.com\/tespas\/wp-content\/uploads\/2019\/01\/EcoDrinvingTransparent-50x50.png 50w\" sizes=\"(max-width: 100px) 100vw, 100px\" \/><\/a><p id=\"caption-attachment-447\" class=\"wp-caption-text\">Green Driving<\/p><\/div>\n<p>&nbsp;<\/p>\n<p>&nbsp;<\/p>\n<p>&nbsp;<\/p>\n<p>&nbsp;<\/p>\n<\/div>\n<div class=\"col span_2 has-animation\" data-animation=\"grow-in\" data-delay=\"2500\">\n<div id=\"attachment_464\" style=\"width: 110px\" class=\"wp-caption alignleft\"><a href=\"http:\/\/www.tespas.com\/tespas\/2019\/01\/27\/bus-can-suivi-de-la-consommation-de-carburant\/\"><img aria-describedby=\"caption-attachment-464\" loading=\"lazy\" class=\"wp-image-464 size-full\" title=\"Suivi de la consommation de carburant\" src=\"http:\/\/www.tespas.com\/tespas\/wp-content\/uploads\/2019\/01\/Suivi-CarburantTransparent-1.png\" alt=\"Suivi de la consommation de carburant\" width=\"100\" height=\"100\" srcset=\"https:\/\/www.tespas.com\/tespas\/wp-content\/uploads\/2019\/01\/Suivi-CarburantTransparent-1.png 100w, https:\/\/www.tespas.com\/tespas\/wp-content\/uploads\/2019\/01\/Suivi-CarburantTransparent-1-50x50.png 50w\" sizes=\"(max-width: 100px) 100vw, 100px\" \/><\/a><p id=\"caption-attachment-464\" class=\"wp-caption-text\">Carburant<\/p><\/div>\n<p>&nbsp;<\/p>\n<p>&nbsp;<\/p>\n<p>&nbsp;<\/p>\n<p>&nbsp;<\/p>\n<\/div>\n<div class=\"col span_2 col_last has-animation\" data-animation=\"grow-in\" data-delay=\"2600\">\n<div id=\"attachment_453\" style=\"width: 110px\" class=\"wp-caption alignleft\"><a href=\"http:\/\/www.tespas.com\/tespas\/2019\/01\/28\/bus-can-suivi-de-lodometre-reel\/\"><img aria-describedby=\"caption-attachment-453\" loading=\"lazy\" class=\"wp-image-453 size-full\" title=\"Kilom\u00e9trage r\u00e9el\" src=\"http:\/\/www.tespas.com\/tespas\/wp-content\/uploads\/2019\/01\/odometerTransparent.png\" alt=\"Suivi de l'odometre\" width=\"100\" height=\"100\" srcset=\"https:\/\/www.tespas.com\/tespas\/wp-content\/uploads\/2019\/01\/odometerTransparent.png 100w, https:\/\/www.tespas.com\/tespas\/wp-content\/uploads\/2019\/01\/odometerTransparent-50x50.png 50w\" sizes=\"(max-width: 100px) 100vw, 100px\" \/><\/a><p id=\"caption-attachment-453\" class=\"wp-caption-text\">Odometre r\u00e9el<\/p><\/div>\n<p>&nbsp;<\/p>\n<p>&nbsp;<\/p>\n<p>&nbsp;<\/p>\n<p>&nbsp;<\/p>\n<\/div><div class=\"clear\"><\/div>\n<h3><div class=\"col span_12 boxed centered-text has-animation\" data-animation=\"grow-in\" data-delay=\"150\"><span class=\"bottom-line\"><\/span>Fonctionnalit\u00e9s de la plateforme <\/div><div class=\"clear\"><\/div><\/h3>\n<h6><div class=\"toggles \"> <div class=\"toggle accent-color\"><h3><a href=\"#\"><i class=\"icon-plus-sign\"><\/i><strong>Localisation en temps R\u00e9el<\/strong><\/a><\/h3><div> Localiser en temps r\u00e9el vos v\u00e9hicules. <\/div><\/div> <\/div>\n\n\n\n\n\n\n\n\n\n\n\n\n\n\n\n\n\n\n\n<div class=\"toggles \"> <div class=\"toggle accent-color\"><h3><a href=\"#\"><i class=\"icon-plus-sign\"><\/i><strong>Historique de navigation<\/strong><\/a><\/h3><div> La plateforme TESPAS sauvegarde un historique de navigation illimit\u00e9. <\/div><\/div> <\/div>\n\n\n\n\n\n\n\n\n\n\n\n\n\n\n\n\n\n\n\n<div class=\"toggles \"> <div class=\"toggle accent-color\"><h3><a href=\"#\"><i class=\"icon-plus-sign\"><\/i><strong>Reporting (Generation de rapports ) Multiformat<\/strong><\/a><\/h3><div> La plateforme TESPAS Permet la generation de plusieurs Type de Rapports (Rapport de parcours , Exces de vitesse , Entr\u00e9e\/Sortie de zone , Arret de plus de 5\/10\/20\/30 minutes , Rapport detaill\u00e9 , connexion des utilisateur , Rapport de distance Parcourue , Maintenance ,Rapport d&rsquo;allumage . &#8230;. <\/div><\/div> <\/div>\n\n\n\n\n\n\n\n\n\n\n\n\n\n\n\n\n\n\n\n<div class=\"toggles \"> <div class=\"toggle accent-color\"><h3><a href=\"#\"><i class=\"icon-plus-sign\"><\/i><strong>Rapports Programm\u00e9s<\/strong><\/a><\/h3><div> Laissez TESPAS Travailler pour vous ! La plateforme TESPAS permet de programmer l&rsquo;envoi , Par Mail, de rapports quotidiens\/Hebdomadaires vers plusieurs destinataires. <\/div><\/div> <\/div>\n\n\n\n\n\n\n\n\n\n\n\n\n\n\n\n\n\n\n\n<div class=\"toggles \"> <div class=\"toggle accent-color\"><h3><a href=\"#\"><i class=\"icon-plus-sign\"><\/i><strong>Suivi de la Maintenance de votre v\u00e9hicule<\/strong><\/a><\/h3><div> La plateforme TESPAS int\u00e8gre un module de suivi et de gestion de la maintenance de votre V\u00e9hicule. Une notification de Rappel de maintenance vous sera affich\u00e9 sur votre compte des qu&rsquo;il restera moins de 100 km pour faire la maintenance . Vous pourrez aussi configurer la reception d&rsquo;une alerte e-mail pour vous rappeler que la maintenance de votre v\u00e9hicule est arriv\u00e9e . <\/div><\/div> <div class=\"toggle accent-color\"><h3><a href=\"#\"><i class=\"icon-plus-sign\"><\/i><strong>Affichage de plusieurs Notifications<\/strong><\/a><\/h3><div> Des notifications (petites bulle rouges) vous seront affich\u00e9es des qu&rsquo;une alerte est d\u00e9tect\u00e9e (Arriv\u00e9e de zone\/sortie de zone,Verrouillage\/D\u00e9verrouillage des portes de votre v\u00e9hicule ,ACCON\/ACCOFF,exc\u00e8s de vitesse,Rappel de maintenance , Batterie faible ,Probl\u00e8me alimentation&#8230;..) <\/div><\/div> <\/div>\n\n\n\n\n\n\n\n\n\n\n\n\n\n\n\n\n\n\n\n<div class=\"toggles \"> <div class=\"toggle accent-color\"><h3><a href=\"#\"><i class=\"icon-plus-sign\"><\/i><strong>Gestion des utilisateurs<\/strong><\/a><\/h3><div> La plateforme TESPAS permet la cr\u00e9ation et la gestion d&rsquo;utilisateur (sous comptes) avec des droits sp\u00e9cifiques . <\/div><\/div> <div class=\"toggle accent-color\"><h3><a href=\"#\"><i class=\"icon-plus-sign\"><\/i><strong>Gestion des chaufeurs<\/strong><\/a><\/h3><div> TESPAS integre un module de gestion des chauffeurs , une fois cr\u00e9e chaque chauffeur est affect\u00e9 \u00e0 un v\u00e9hicule . Le nom du chauffeur apparaitra dans tous les rapport qui concerneront le v\u00e9hicule . un ceratins nombre de rapport son sp\u00e9cifiquement d\u00e9di\u00e9s au chauffeurs <\/div><\/div><div class=\"toggles \"><\/div>\n\n\n\n\n\n\n\n\n\n\n\n\n\n\n\n\n\n\n\n <div class=\"toggle accent-color\"><h3><a href=\"#\"><i class=\"icon-plus-sign\"><\/i><strong>Exporter les donn\u00e9es de TESPAS vers d'autres plateformes<\/strong><\/a><\/h3><div> TESPAS permet d&rsquo;exporter vos donn\u00e9es de navigation vers d&rsquo;autres plateformes telle GoogleEarth <\/div><\/div> <div class=\"toggle accent-color\"><h3><a href=\"#\"><i class=\"icon-plus-sign\"><\/i><strong>Compte Manager (COMMERCIAL)<\/strong><\/a><\/h3><div> Nous pouvons vous cr\u00e9er un compte Manager qui permet de g\u00e9rer d&rsquo;autre compte principaux. <\/div><\/div> <div class=\"toggle accent-color\"><h3><a href=\"#\"><i class=\"icon-plus-sign\"><\/i><strong>Creation de Roles (Chef deparc , Superviseur..)<\/strong><\/a><\/h3><div> TESPAS permet la cr\u00e9ation de r\u00f4le , chaque role sera d\u00e9finis par de droits d&rsquo;acces sp\u00e9cifique . ces r\u00f4le pourront ensuite \u00eatre affect\u00e9s aux utilisateur que vous aurais cr\u00e9e <\/div><\/div> <\/div>\n\n\n\n\n\n\n\n\n\n\n\n\n\n\n\n\n\n\n\n<div class=\"toggles \"> <div class=\"toggle accent-color\"><h3><a href=\"#\"><i class=\"icon-plus-sign\"><\/i><strong>5 types de Carttographies<\/strong><\/a><\/h3><div> 1 &#8211; Cartographie par v\u00e9hicule : Pour visualiser l&rsquo;itineraire d&rsquo;un vehicule sur une carte . 2 &#8211; Cartographie par Groupe de v\u00e9hiucles : Pour visualiser les derni\u00e9res positions de tous vos v\u00e9hicules sur une carte 3 &#8211; Derni\u00e8re position connue : Voir la derni\u00e8re position d&rsquo;un seul v\u00e9hicule sur une care 4 &#8211; SOS localisation : Voir la balise en d\u00e9tresse sur une carte 5 &#8211; ACCon\/ACCoff localisation : voir la position du accon\/accoff sur une carte <\/div><\/div> <\/div>\n\n\n\n\n\n\n\n\n\n\n\n\n\n\n\n\n\n\n\n<div class=\"toggles \"> <div class=\"toggle accent-color\"><h3><a href=\"#\"><i class=\"icon-plus-sign\"><\/i><strong>G\u00e9o-zones<\/strong><\/a><\/h3><div> La plateformes TESPAS permet la cr\u00e9ation de g\u00e9o-zones (zone g\u00e9ographiques) , une fois ces zones cr\u00e9es des notifications vous seront affich\u00e9es en cas d&rsquo;entr\u00e9e ou de sortie de ces zones . Vous pouvez aussi programmer la r\u00e9ception d\u2019alertes E-mail quand un v\u00e9hicule entre ou sort de ces zones . Des rapports son sp\u00e9cifiquement d\u00e9dies aux entr\u00e9es et sortie des g\u00e9o-zones. <\/div><\/div> <\/div>\n\n\n\n\n\n\n\n\n\n\n\n\n\n\n\n\n\n\n\n<div class=\"toggles \"> <div class=\"toggle accent-color\"><h3><a href=\"#\"><i class=\"icon-plus-sign\"><\/i><strong>G\u00e9o-Corridor (G\u00e9stion des itineraires oblig\u00e9s)<\/strong><\/a><\/h3><div> TESPAS permet la cr\u00e9ation et la gestion des itinerires oblig\u00e9s (G\u00e9o-corridor). Vous pouvez cr\u00e9e des itin\u00e9raires , les affecter a des v\u00e9hicules et recevoir ensuite des alertes en cas de violation par le chauffeur de l\u2019itin\u00e9raire qui lui aura \u00e9t\u00e9 attribu\u00e9. <\/div><\/div> <\/div>\n\n\n\n\n\n\n\n\n\n\n\n\n\n\n\n\n\n\n\n<div class=\"toggles \"> <div class=\"toggle accent-color\"><h3><a href=\"#\"><i class=\"icon-plus-sign\"><\/i><strong>G\u00e9stion avanc\u00e9e des alertes<\/strong><\/a><\/h3><div> Nous vous limitez plus aux alertes standard . Concevez vos propres alertes pour r\u00e9pondre a vos besoins les plus sp\u00e9cifiques . Vous pourrais par exemple , ce n&rsquo;est qu&rsquo;un \u00e9chantillon ,\u00a0 programmer les alertes suivantes : 1 &#8211; Horaires non autoris\u00e9es : Recevez une alerte si le v\u00e9hicule est utilis\u00e9 le, week end, ou a des horaires que vous n&rsquo;aurais pas autoris\u00e9s . 2 &#8211; Recevez une alerte si la balise GPS cesse d\u2019\u00e9mettre pendant une dur\u00e9e que vous aurais d\u00e9finis . 3 &#8211; Recevez une alerte si le v\u00e9hicule d\u00e9passe un temps d\u2019arr\u00eat autoris\u00e9 dans une zone donn\u00e9e.\u00a0 4- Recevez une alerte si le v\u00e9hicule d\u00e9passe la vitesse Maximale autoris\u00e9e &#8230;&#8230;&#8230;&#8230;&#8230;&#8230;&#8230;&#8230;&#8230;&#8230;&#8230; Vous pourrais sauvegarder l&rsquo;historique des alertes d\u00e9tect\u00e9e\u00a0 pour garder une trace et pouvoir ressortir un rapport des alertes\/V\u00e9hicule<\/div><\/div> <\/div>\n\n\n\n\n\n\n\n\n\n\n\n\n\n\n\n\n\n\n\n<\/h6>\n<h3><div class=\"col span_12 boxed centered-text has-animation\" data-animation=\"grow-in\" data-delay=\"150\"><span class=\"bottom-line\"><\/span>Fonctionnalit\u00e9s des balises<\/div><div class=\"clear\"><\/div><\/h3>\n<ol>\n<li style=\"list-style-type: none;\">\n<ol>\n<li>\n<h4><strong>Les commandes (SMS)<br \/>\n<\/strong><\/h4>\n<div class=\"toggles \"> <div class=\"toggle accent-color\"><h3><a href=\"#\"><i class=\"icon-plus-sign\"><\/i><strong>Stop Moteur<\/strong><\/a><\/h3><div> Stopez votre v\u00e9hicule en cas de vol , avec l&rsquo;envoi d&rsquo;un simple SMS <\/div><\/div> <\/div>\n\n\n\n\n\n\n\n\n\n\n\n\n\n\n\n\n\n\n\n<div class=\"toggles \"> <div class=\"toggle accent-color\"><h3><a href=\"#\"><i class=\"icon-plus-sign\"><\/i><strong>V\u00e9rouillage \/ D\u00e9verouillage des portes<\/strong><\/a><\/h3><div> \u00c7a vous est d\u00e9j\u00e0 arriv\u00e9 de fermer votre v\u00e9hicule et de laisser les cl\u00e9s a l\u2019int\u00e9rieur ! Avec TESPAS plus besoins de se prendre la t\u00eate vous pouvez Verrouillez et d\u00e9verrouillez les portes de votre V\u00e9hicule ou que vous soyez avec l&rsquo;envoi d&rsquo;un simple SMS . <\/div><\/div> <\/div>\n\n\n\n\n\n\n\n\n\n\n\n\n\n\n\n\n\n\n\n<div class=\"toggles \"> <div class=\"toggle accent-color\"><h3><a href=\"#\"><i class=\"icon-plus-sign\"><\/i><strong>Obtenir la, position du v\u00e9hicule par SMS<\/strong><\/a><\/h3><div> Vous pouvez obtenir la position de votre V\u00e9hicule par l&rsquo;envoi d&rsquo;un simple SMS et sans vous connecter a votre compte TESPAS <\/div><\/div> <\/div>\n\n\n\n\n\n\n\n\n\n\n\n\n\n\n\n\n\n\n\n<div class=\"toggles \"> <div class=\"toggle accent-color\"><h3><a href=\"#\"><i class=\"icon-plus-sign\"><\/i><strong>Limitateur de vitesse (Optionnel)<\/strong><\/a><\/h3><div> Limitez la vitesse autoris\u00e9e pour votre v\u00e9hicule . Le boitier va emp\u00eacher le v\u00e9hicule de d\u00e9passer la vitesse d\u00e9finie et va \u00e9mettre une alerte sonore et envoyer un message d&rsquo;alerte par SMS\/E-mail. en cas de d\u00e9passement de cette vitesse . <\/div><\/div> <\/div>\n\n\n\n\n\n\n\n\n\n\n\n\n\n\n\n\n\n\n\n<\/li>\n<li>\n<h4><strong>Les alertes<\/strong><\/h4>\n<div class=\"toggles \"> <div class=\"toggle accent-color\"><h3><a href=\"#\"><i class=\"icon-plus-sign\"><\/i><strong>Alerte d'exces de vitesse<\/strong><\/a><\/h3><div> Recevez une alerte SMS\/E-mail en cas d&rsquo;exces de vitesse autoris\u00e9e . <\/div><\/div> <\/div>\n\n\n\n\n\n\n\n\n\n\n\n\n\n\n\n\n\n\n\n<div class=\"toggles \"> <div class=\"toggle accent-color\"><h3><a href=\"#\"><i class=\"icon-plus-sign\"><\/i><strong>Alerte de Dt\u00e9tresse (SOS)<\/strong><\/a><\/h3><div> Recevez une alerte de d\u00e9tresse par SMS ou par \u00c9mail si le bouton de d\u00e9tresse qui vient avec le boitier est enfonc\u00e9 . <\/div><\/div> <\/div>\n\n\n\n\n\n\n\n\n\n\n\n\n\n\n\n\n\n\n\n<div class=\"toggles \"> <div class=\"toggle accent-color\"><h3><a href=\"#\"><i class=\"icon-plus-sign\"><\/i><strong>Alerte de Contact On<\/strong><\/a><\/h3><div> Recevez Une alerte si le v\u00e9hicule est mis en contact On <\/div><\/div> <\/div>\n\n\n\n\n\n\n\n\n\n\n\n\n\n\n\n\n\n\n\n<div class=\"toggles \"> <div class=\"toggle accent-color\"><h3><a href=\"#\"><i class=\"icon-plus-sign\"><\/i><strong>Contact Off<\/strong><\/a><\/h3><div> Recevez une alerte si le v\u00e9hicule est mis en contact Off (Eteint) <\/div><\/div> <\/div>\n\n\n\n\n\n\n\n\n\n\n\n\n\n\n\n\n\n\n\n<div class=\"toggles \"> <div class=\"toggle accent-color\"><h3><a href=\"#\"><i class=\"icon-plus-sign\"><\/i><strong>Alerte Sortie de zone<\/strong><\/a><\/h3><div> Recevez une alerte si le v\u00e9hicule sort d&rsquo;une zone que vous avez d\u00e9finis <\/div><\/div> <\/div>\n\n\n\n\n\n\n\n\n\n\n\n\n\n\n\n\n\n\n\n<div class=\"toggles \"> <div class=\"toggle accent-color\"><h3><a href=\"#\"><i class=\"icon-plus-sign\"><\/i><strong>Alertes Probleme d'alimentation<\/strong><\/a><\/h3><div> Recevez une alerte sin l&rsquo;alimentation du boitier est d\u00e9faillante ou si quelqu&rsquo;un \u00e9teint le boitier ou le d\u00e9branche. <\/div><\/div> <\/div>\n\n\n\n\n\n\n\n\n\n\n\n\n\n\n\n\n\n\n\n<div class=\"toggles \"> <div class=\"toggle accent-color\"><h3><a href=\"#\"><i class=\"icon-plus-sign\"><\/i>A<strong>lerte Batterie faible<\/strong><\/a><\/h3><div> Recevez une alerte si la batterie du GPS est faible <\/div><\/div> <\/div>\n\n\n\n\n\n\n\n\n\n\n\n\n\n\n\n\n\n\n\n<div class=\"toggles \"> <div class=\"toggle accent-color\"><h3><a href=\"#\"><i class=\"icon-plus-sign\"><\/i><strong>Alerte d'ouverture du coffre (optionnelle)<\/strong><\/a><\/h3><div> Recevez une alerte en cas d\u2019ouverture du coffre du v\u00e9hicule <\/div><\/div> <\/div>\n\n\n\n\n\n\n\n\n\n\n\n\n\n\n\n\n\n\n\n<div class=\"toggles \"> <div class=\"toggle accent-color\"><h3><a href=\"#\"><i class=\"icon-plus-sign\"><\/i><strong>Alerte de crash (optionnelle)<\/strong><\/a><\/h3><div> Recevez une alerte si le v\u00e9hicule fait un accident <\/div><\/div> <\/div>\n\n\n\n\n\n\n\n\n\n\n\n\n\n\n\n\n\n\n\n<div class=\"toggles \"> <div class=\"toggle accent-color\"><h3><a href=\"#\"><i class=\"icon-plus-sign\"><\/i><strong>Alerte de deverouillage\/Verouillage des portes<\/strong><\/a><\/h3><div> Recevez une alerte en cas de verrouillage et d\u00e9verrouillage des portes <\/div><\/div> <\/div>\n\n\n\n\n\n\n\n\n\n\n\n\n\n\n\n\n\n\n\n<div class=\"toggles \"> <div class=\"toggle accent-color\"><h3><a href=\"#\"><i class=\"icon-plus-sign\"><\/i><strong>Alerte de consommation Anormale de carburant (Optionnelle)<\/strong><\/a><\/h3><div> Recevez une alerte si la consommation en carburant de votre v\u00e9hicule est anormale <\/div><\/div> <\/div>\n\n\n\n\n\n\n\n\n\n\n\n\n\n\n\n\n\n\n\n<div class=\"toggles \"> <div class=\"toggle accent-color\"><h3><a href=\"#\"><i class=\"icon-plus-sign\"><\/i><strong>Alerte d'anomalie GPS (probl\u00e9me antenne GPS)\/Optionnelle<\/strong><\/a><\/h3><div> Recevez une alerte si une quelconque anomalie est d\u00e9tect\u00e9e au niveau de l\u2019antenne GPS <\/div><\/div> <\/div>\n\n\n\n\n\n\n\n\n\n\n\n\n\n\n\n\n\n\n\n<\/li>\n<\/ol>\n<\/li>\n<\/ol>\n","protected":false},"excerpt":{"rendered":"<p>Qu&rsquo;est ce que la solution de g\u00e9olocalisation et de gestion de flotte TESPAS &nbsp; Les commandes (SMS) Les alertes<\/p>\n","protected":false},"author":1,"featured_media":0,"parent":0,"menu_order":0,"comment_status":"closed","ping_status":"closed","template":"","meta":[],"_links":{"self":[{"href":"https:\/\/www.tespas.com\/tespas\/wp-json\/wp\/v2\/pages\/214"}],"collection":[{"href":"https:\/\/www.tespas.com\/tespas\/wp-json\/wp\/v2\/pages"}],"about":[{"href":"https:\/\/www.tespas.com\/tespas\/wp-json\/wp\/v2\/types\/page"}],"author":[{"embeddable":true,"href":"https:\/\/www.tespas.com\/tespas\/wp-json\/wp\/v2\/users\/1"}],"replies":[{"embeddable":true,"href":"https:\/\/www.tespas.com\/tespas\/wp-json\/wp\/v2\/comments?post=214"}],"version-history":[{"count":104,"href":"https:\/\/www.tespas.com\/tespas\/wp-json\/wp\/v2\/pages\/214\/revisions"}],"predecessor-version":[{"id":563,"href":"https:\/\/www.tespas.com\/tespas\/wp-json\/wp\/v2\/pages\/214\/revisions\/563"}],"wp:attachment":[{"href":"https:\/\/www.tespas.com\/tespas\/wp-json\/wp\/v2\/media?parent=214"}],"curies":[{"name":"wp","href":"https:\/\/api.w.org\/{rel}","templated":true}]}}