{"id":32,"date":"2016-05-13T12:21:46","date_gmt":"2016-05-13T10:21:46","guid":{"rendered":"http:\/\/www.tespas.com\/tespas\/?page_id=32"},"modified":"2019-01-25T23:09:35","modified_gmt":"2019-01-25T22:09:35","slug":"accueil","status":"publish","type":"page","link":"https:\/\/www.tespas.com\/tespas\/","title":{"rendered":"Accueil"},"content":{"rendered":"<h2><div class=\"col span_12 boxed centered-text has-animation\" data-animation=\"grow-in\" data-delay=\"0\"><span class=\"bottom-line\"><\/span>Parmi nos partenaires <\/div><div class=\"clear\"><\/div><\/h2>\n<div class=\"carousel-wrap\"><div class=\"row carousel clients six-cols \" data-max=\"6\"> <div><a href=\"https:\/\/www.biopharmdz.com\/\" target=\"_blank\"><img src=\"http:\/\/www.tespas.com\/tespas\/wp-content\/uploads\/2016\/05\/biopharm.png\" alt=\"client\" \/><\/a><\/div> <div><img src=\"http:\/\/www.tespas.com\/tespas\/wp-content\/uploads\/2016\/05\/vecopharm.png\" alt=\"client\" \/><\/div> <div><a href=\"http:\/\/www.groupelabelledz.com\/\" target=\"_blank\"><img src=\"http:\/\/www.tespas.com\/tespas\/wp-content\/uploads\/2016\/05\/labelle.jpeg\" alt=\"client\" \/><\/a><\/div> <div><a href=\"https:\/\/maghrebleasingalgerie.com\/\" target=\"_blank\"><img src=\"http:\/\/www.tespas.com\/tespas\/wp-content\/uploads\/2016\/05\/mla.png\" alt=\"client\" \/><\/a><\/div> <div><a href=\"http:\/\/palmaryfood.com\/\" target=\"_blank\"><img src=\"http:\/\/www.tespas.com\/tespas\/wp-content\/uploads\/2016\/05\/palmary.png\" alt=\"client\" \/><\/a><\/div> <div><a href=\"http:\/\/www.sudhorizons.dz\/fr\/\" target=\"_blank\"><img src=\"http:\/\/www.tespas.com\/tespas\/wp-content\/uploads\/2016\/05\/Horizon.png\" alt=\"client\" \/><\/a><\/div> <div><a href=\"https:\/\/elaiz.com\/index.php\/fr\/\" target=\"_blank\"><img src=\"http:\/\/www.tespas.com\/tespas\/wp-content\/uploads\/2016\/05\/El-aiz.png\" alt=\"client\" \/><\/a><\/div> <div><a href=\"http:\/\/www.france-lait.com\" target=\"_blank\"><img src=\"http:\/\/www.tespas.com\/tespas\/wp-content\/uploads\/2016\/06\/francelaitn.gif\" alt=\"client\" \/><\/a><\/div> <div><img src=\"http:\/\/www.tespas.com\/tespas\/wp-content\/uploads\/2016\/05\/eximed-logo.jpg\" alt=\"client\" \/><\/div> <div><a href=\"http:\/\/www.normiso.com\/\" target=\"_blank\"><img src=\"http:\/\/www.tespas.com\/tespas\/wp-content\/uploads\/2016\/05\/normiso1.png\" alt=\"client\" \/><\/a><\/div> <div><img src=\"http:\/\/www.tespas.com\/tespas\/wp-content\/uploads\/2016\/05\/LOGO_EW_GROUP_2.gif\" alt=\"client\" \/><\/div> <div><a href=\"https:\/\/www.albaraka-bank.com\/fr\/\" target=\"_blank\"><img src=\"http:\/\/www.tespas.com\/tespas\/wp-content\/uploads\/2016\/05\/baraka-ar.jpg\" alt=\"client\" \/><\/a><\/div><div><a href=\"http:\/\/sntp.dz\/\" target=\"_blank\"><img src=\"http:\/\/www.tespas.com\/tespas\/wp-content\/uploads\/2017\/04\/logo-sntp-new-e1492286307648.jpg\" alt=\"client\" \/><\/a><\/div><div><img src=\"http:\/\/www.tespas.com\/tespas\/wp-content\/uploads\/2016\/09\/bibila.jpg\" alt=\"client\" \/><\/div><div><img src=\"http:\/\/www.tespas.com\/tespas\/wp-content\/uploads\/2017\/04\/logobas.jpg\" alt=\"client\" \/><\/div><div><img src=\"http:\/\/www.tespas.com\/tespas\/wp-content\/uploads\/2017\/04\/cls.jpg\" alt=\"client\" \/><\/div> \u00a0<div><a href=\"http:\/\/agrorayane.com\/\" target=\"_blank\"><img src=\"http:\/\/www.tespas.com\/tespas\/wp-content\/uploads\/2017\/04\/logo-agroRayane.jpg\" alt=\"client\" \/><\/a><\/div> \u00a0<div><img src=\"http:\/\/www.tespas.com\/tespas\/wp-content\/uploads\/2017\/04\/Logo-baouchi.jpg\" alt=\"client\" \/><\/div>\n<div><a href=\"https:\/\/www.bm-a.com\/\" target=\"_blank\"><img src=\"http:\/\/www.tespas.com\/tespas\/wp-content\/uploads\/2017\/04\/logo-bergerat.gif\" alt=\"client\" \/><\/a><\/div>\n<div><a href=\"https:\/\/www.nouara.com\/\" target=\"_blank\"><img src=\"http:\/\/www.tespas.com\/tespas\/wp-content\/uploads\/2017\/04\/logo-nouara.gif\" alt=\"client\" \/><\/a><\/div>\n<div><a href=\"https:\/\/hamanagroup.com\/\" target=\"_blank\"><img src=\"http:\/\/www.tespas.com\/tespas\/wp-content\/uploads\/2017\/07\/lgog_10144.jpg\" alt=\"client\" \/><\/a><\/div>\n<div><a href=\"http:\/\/www.sinopecgroup.com\/group\/en\/\" target=\"_blank\"><img src=\"http:\/\/www.tespas.com\/tespas\/wp-content\/uploads\/2017\/11\/sonipec.png\" alt=\"client\" \/><\/a><\/div>\n<div><img src=\"http:\/\/www.tespas.com\/tespas\/wp-content\/uploads\/2018\/01\/logo_10152.png\" alt=\"client\" \/><\/div>\n<div><img src=\"http:\/\/www.tespas.com\/tespas\/wp-content\/uploads\/2018\/02\/shaps.png\" alt=\"client\" \/><\/div>\n<div><img src=\"http:\/\/www.tespas.com\/tespas\/wp-content\/uploads\/2018\/02\/logo_africHandassa.jpg\" alt=\"client\" \/><\/div>\n<div><a href=\"http:\/\/www.spie.com\/fr\/spie-oil-gas-services\" target=\"_blank\"><img src=\"http:\/\/www.tespas.com\/tespas\/wp-content\/uploads\/2018\/04\/SPIE.png\" alt=\"client\" \/><\/a><\/div>\n<div><img src=\"http:\/\/www.tespas.com\/tespas\/wp-content\/uploads\/2018\/07\/madar.jpg\" alt=\"client\" \/><\/div>\n<div><img src=\"http:\/\/www.tespas.com\/tespas\/wp-content\/uploads\/2018\/07\/logo_fr.png\" alt=\"client\" \/><\/div>\n<\/div><\/div>\n<h2><div class=\"col span_12 boxed centered-text has-animation\" data-animation=\"fade-in-from-left\" data-delay=\"150\"><span class=\"bottom-line\"><\/span><strong>Des fonctionnalit\u00e9s innovantes<\/strong> <\/div><div class=\"clear\"><\/div><\/h2>\n<h2><div style=\"height: 350px\" class=\"parallax_slider_outer \"><div style=\"height: 350px\" data-flexible-height=\"\" data-fullscreen=\"false\" data-autorotate=\"8000\" data-parallax=\"true\" data-full-width=\"false\" class=\"nectar-slider-wrap \" id=\"ns-id-6a07978925fa5\">\n\t\t<div style=\"height: 350px\" class=\"swiper-container\" data-loop=\"true\" data-height=\"350\" data-min-height=\"\" data-arrows=\"true\" data-bullets=\"true\" data-desktop-swipe=\"false\" data-settings=\"\">\n\t\t\t    <div class=\"swiper-wrapper\"><div class=\"swiper-slide\" style=\"background-image: url(http:\/\/www.tespas.com\/tespas\/wp-content\/uploads\/2016\/05\/ALERT2.png);\" data-bg-alignment=\"center\" data-color-scheme=\"light\" data-x-pos=\"left\" data-y-pos=\"middle\"> \n\t\t\t\t\t\t\t<div class=\"container\">\n\t\t\t\t\t\t\t\t<div class=\"content\"><h2>Alertes instantann\u00e9es<\/h2><p class=\"transparent-bg\" ><span>Cr\u00e9ez et personnalisez vos propres alertes<\/span><\/p><\/div>\n\t\t\t\t\t\t\t<\/div><!--\/container--><a href=\"#\" class=\"slider-down-arrow\"><i class=\"icon-salient-down-arrow icon-default-style\"><\/i><\/a><\/div><!--\/swiper-slide--><div class=\"swiper-slide\" style=\"background-image: url(http:\/\/www.tespas.com\/tespas\/wp-content\/uploads\/2016\/05\/gestion-chauffeur.jpg);\" data-bg-alignment=\"center\" data-color-scheme=\"dark\" data-x-pos=\"left\" data-y-pos=\"middle\"> \n\t\t\t\t\t\t\t<div class=\"container\">\n\t\t\t\t\t\t\t\t<div class=\"content\"><h2>Driver Admin<\/h2><p class=\"transparent-bg\" ><span>Gestion et Administration des chauffeurs<\/span><\/p><\/div>\n\t\t\t\t\t\t\t<\/div><!--\/container--><a href=\"#\" class=\"slider-down-arrow\"><i class=\"icon-salient-down-arrow icon-default-style\"><\/i><\/a><\/div><!--\/swiper-slide--><div class=\"swiper-slide\" style=\"background-image: url(http:\/\/www.tespas.com\/tespas\/wp-content\/uploads\/2016\/05\/bandeau-rapport.jpg);\" data-bg-alignment=\"center\" data-color-scheme=\"light\" data-x-pos=\"left\" data-y-pos=\"middle\"> \n\t\t\t\t\t\t\t<div class=\"container\">\n\t\t\t\t\t\t\t\t<div class=\"content\"><h2>Rapports programm\u00e9s<\/h2><p  ><span>Programmez l'envoi de rapports quotidiens ou hebdomadaires vers une ou plusieurs boites Mails<\/span><\/p><\/div>\n\t\t\t\t\t\t\t<\/div><!--\/container--><a href=\"#\" class=\"slider-down-arrow\"><i class=\"icon-salient-down-arrow icon-default-style\"><\/i><\/a><\/div><!--\/swiper-slide--><div class=\"swiper-slide\" style=\"background-image: url(http:\/\/www.tespas.com\/tespas\/wp-content\/uploads\/2016\/05\/Geocorridor.jpg);\" data-bg-alignment=\"center\" data-color-scheme=\"light\" data-x-pos=\"left\" data-y-pos=\"middle\"> \n\t\t\t\t\t\t\t<div class=\"container\">\n\t\t\t\t\t\t\t\t<div class=\"content\"><h2>G\u00e9ocorridor<\/h2><p  ><span>Cr\u00e9ez et g\u00e9rez des itin\u00e9raires oblig\u00e9s et recevez des alertes en cas de violation de ces itin\u00e9raires<\/span><\/p><\/div>\n\t\t\t\t\t\t\t<\/div><!--\/container--><a href=\"#\" class=\"slider-down-arrow\"><i class=\"icon-salient-down-arrow icon-default-style\"><\/i><\/a><\/div><!--\/swiper-slide--><div class=\"swiper-slide\" style=\"background-image: url(http:\/\/www.tespas.com\/tespas\/wp-content\/uploads\/2016\/05\/control_horario1.png);\" data-bg-alignment=\"center\" data-color-scheme=\"dark\" data-x-pos=\"left\" data-y-pos=\"middle\"> \n\t\t\t\t\t\t\t<div class=\"container\">\n\t\t\t\t\t\t\t\t<div class=\"content\"><h2>Identifiez l'utilisation de vos v\u00e9hicules en dehors des horaires autoris\u00e9es<\/h2><p class=\"transparent-bg\" ><span>D\u00e9finissez des horaires de travail pour vos v\u00e9hicules et recevez une alertes en cas d'utilisation des v\u00e9hicules en dehors de ces horaires<\/span><\/p><\/div>\n\t\t\t\t\t\t\t<\/div><!--\/container--><a href=\"#\" class=\"slider-down-arrow\"><i class=\"icon-salient-down-arrow icon-default-style\"><\/i><\/a><\/div><!--\/swiper-slide--><div class=\"swiper-slide\" style=\"background-image: url(http:\/\/www.tespas.com\/tespas\/wp-content\/uploads\/2016\/05\/vehicle-maintenance.png);\" data-bg-alignment=\"center\" data-color-scheme=\"light\" data-x-pos=\"left\" data-y-pos=\"middle\"> \n\t\t\t\t\t\t\t<div class=\"container\">\n\t\t\t\t\t\t\t\t<div class=\"content\"><h2>Suivi de la maintenance<\/h2><p class=\"transparent-bg\" ><span>programmez la maintenance de votre v\u00e9hicule et recevez une alerte de rappel des que celle-ci arrive<\/span><\/p><\/div>\n\t\t\t\t\t\t\t<\/div><!--\/container--><a href=\"#\" class=\"slider-down-arrow\"><i class=\"icon-salient-down-arrow icon-default-style\"><\/i><\/a><\/div><!--\/swiper-slide--><\/div><a href=\"\" class=\"slider-prev\"><i class=\"icon-salient-left-arrow\"><\/i> <div class=\"slide-count\"> <span class=\"slide-current\">1<\/span> <i class=\"icon-salient-right-line\"><\/i> <span class=\"slide-total\"><\/span> <\/div> <\/a>\n\t\t\t     \t\t<a href=\"\" class=\"slider-next\"><i class=\"icon-salient-right-arrow\"><\/i> <div class=\"slide-count\"> <span class=\"slide-current\">1<\/span> <i class=\"icon-salient-right-line\"><\/i> <span class=\"slide-total\"><\/span> <\/div> <\/a><div class=\"slider-pagination\"><\/div><div class=\"nectar-slider-loading\"><\/div> <\/div> \n\t\t\t\n\t\t<\/div><\/div><\/h2>\n<h2><div class=\"col span_12 boxed centered-text has-animation\" data-animation=\"fade-in-from-left\" data-delay=\"150\"><span class=\"bottom-line\"><\/span><strong>Constatations de nos clients apres quelques mois d&rsquo;utilisation<\/strong> <\/div><div class=\"clear\"><\/div><\/h2>\n<h4> \n\t<div class=\"nectar-progress-bar\">\n\t\t<p><strong>Am\u00e9lioration du comportement des chauffeurs<\/strong><\/p>\n\t\t<div class=\"bar-wrap\"><span class=\"extra-color-2\" data-width=\"88\"> <strong><i>88<\/i>%<\/strong> <\/span><\/div>\n\t<\/div> <\/h4>\n<h4> \n\t<div class=\"nectar-progress-bar\">\n\t\t<p>Hausse de la produtivit\u00e9<\/p>\n\t\t<div class=\"bar-wrap\"><span class=\"accent-color\" data-width=\"80\"> <strong><i>80<\/i>%<\/strong> <\/span><\/div>\n\t<\/div> \n\t<div class=\"nectar-progress-bar\">\n\t\t<p>Baisse du nombre d'accidents<\/p>\n\t\t<div class=\"bar-wrap\"><span class=\"extra-color-3\" data-width=\"69\"> <strong><i>69<\/i>%<\/strong> <\/span><\/div>\n\t<\/div> <\/h4>\n<p>&nbsp;<\/p>\n","protected":false},"excerpt":{"rendered":"<p>&nbsp;<\/p>\n","protected":false},"author":1,"featured_media":0,"parent":0,"menu_order":0,"comment_status":"closed","ping_status":"closed","template":"template-home-1.php","meta":[],"_links":{"self":[{"href":"https:\/\/www.tespas.com\/tespas\/wp-json\/wp\/v2\/pages\/32"}],"collection":[{"href":"https:\/\/www.tespas.com\/tespas\/wp-json\/wp\/v2\/pages"}],"about":[{"href":"https:\/\/www.tespas.com\/tespas\/wp-json\/wp\/v2\/types\/page"}],"author":[{"embeddable":true,"href":"https:\/\/www.tespas.com\/tespas\/wp-json\/wp\/v2\/users\/1"}],"replies":[{"embeddable":true,"href":"https:\/\/www.tespas.com\/tespas\/wp-json\/wp\/v2\/comments?post=32"}],"version-history":[{"count":72,"href":"https:\/\/www.tespas.com\/tespas\/wp-json\/wp\/v2\/pages\/32\/revisions"}],"predecessor-version":[{"id":484,"href":"https:\/\/www.tespas.com\/tespas\/wp-json\/wp\/v2\/pages\/32\/revisions\/484"}],"wp:attachment":[{"href":"https:\/\/www.tespas.com\/tespas\/wp-json\/wp\/v2\/media?parent=32"}],"curies":[{"name":"wp","href":"https:\/\/api.w.org\/{rel}","templated":true}]}}